{"id":519,"date":"2026-02-11T11:28:57","date_gmt":"2026-02-11T11:28:57","guid":{"rendered":"https:\/\/form.fiat.hu\/webform\/?page_id=519"},"modified":"2026-02-11T13:28:15","modified_gmt":"2026-02-11T13:28:15","slug":"hirlevel","status":"publish","type":"page","link":"https:\/\/form.fiat.hu\/webform\/hirlevel\/","title":{"rendered":"hirlevel"},"content":{"rendered":"\t\t<div data-elementor-type=\"wp-page\" data-elementor-id=\"519\" class=\"elementor elementor-519\" data-elementor-post-type=\"page\">\n\t\t\t\t<div class=\"elementor-element elementor-element-6db6fdb e-flex e-con-boxed e-con e-parent\" data-id=\"6db6fdb\" data-element_type=\"container\" data-e-type=\"container\">\n\t\t\t\t\t<div class=\"e-con-inner\">\n\t\t\t\t<div class=\"elementor-element elementor-element-b3934c1 elementor-widget elementor-widget-heading\" data-id=\"b3934c1\" data-element_type=\"widget\" data-e-type=\"widget\" data-widget_type=\"heading.default\">\n\t\t\t\t\t<h2 class=\"elementor-heading-title elementor-size-default\">H\u00edrlev\u00e9l<\/h2>\t\t\t\t<\/div>\n\t\t\t\t<div class=\"elementor-element elementor-element-95b2c25 elementor-widget elementor-widget-heading\" data-id=\"95b2c25\" data-element_type=\"widget\" data-e-type=\"widget\" data-widget_type=\"heading.default\">\n\t\t\t\t\t<h3 class=\"elementor-heading-title elementor-size-default\">Iratkozz fel h\u00edrlevel\u00fcnkre, hogy naprak\u00e9sz h\u00edreket \u00e9s aj\u00e1nlatokat kapj!<\/h3>\t\t\t\t<\/div>\n\t\t\t\t\t<\/div>\n\t\t\t\t<\/div>\n\t\t<div class=\"elementor-element elementor-element-be2dfd4 e-flex e-con-boxed e-con e-parent\" data-id=\"be2dfd4\" data-element_type=\"container\" data-e-type=\"container\">\n\t\t\t\t\t<div class=\"e-con-inner\">\n\t\t\t\t<div class=\"elementor-element elementor-element-cc29e1e elementor-widget elementor-widget-jet-form-builder-form\" data-id=\"cc29e1e\" data-element_type=\"widget\" data-e-type=\"widget\" data-widget_type=\"jet-form-builder-form.default\">\n\t\t\t\t<div class=\"elementor-widget-container\">\n\t\t\t\t\t<link rel='stylesheet' id='wp-block-library-css' href='https:\/\/form.fiat.hu\/webform\/wp-includes\/css\/dist\/block-library\/style.min.css?ver=6.9.4' media='all' \/>\n<style id=\"jet-form-builder-515-inline-css\"><\/style><form  class=\"jet-form-builder layout-column submit-type-reload\" action=\"https:\/\/form.fiat.hu\/webform\/wp-json\/wp\/v2\/pages\/519\/?l8X71q=NRf855B0Z62X&amp;method=reload\" method=\"POST\" data-form-id=\"515\" data-layout=\"column\" enctype=\"multipart\/form-data\" novalidate=\"null\" ssr_validation_method=\"rest\"><input type=\"hidden\" id=\"_wpnonce\" name=\"_wpnonce\" value=\"5e714b56b9\" \/><input type=\"hidden\" name=\"_wp_http_referer\" value=\"\/webform\/wp-json\/wp\/v2\/pages\/519\" \/>\r\n<input type=\"hidden\" name=\"_jfb_current_render_states[]\" value=\"DEFAULT.STATE\" data-jfb-sync \/><input type=\"hidden\" class=\"jet-form-builder__field hidden-field\" name=\"_jet_engine_booking_form_id\" data-field-name=\"_jet_engine_booking_form_id\" value=\"515\">\n<input type=\"hidden\" class=\"jet-form-builder__field hidden-field\" name=\"_jet_engine_refer\" data-field-name=\"_jet_engine_refer\" value=\"https:\/\/form.fiat.hu\/webform\/wp-json\/wp\/v2\/pages\/519\/\">\n<input type=\"hidden\" class=\"jet-form-builder__field hidden-field\" name=\"__queried_post_id\" data-field-name=\"__queried_post_id\" value=\"519\">\n<input type=\"hidden\" class=\"jet-form-builder__field hidden-field\" name=\"_user_journey\" data-field-name=\"_user_journey\">\n\n<div class=\"wp-block-group blck_fll is-layout-constrained wp-block-group-is-layout-constrained\"><div  class=\"jet-form-builder-row field-type-text-field\" >\n<div class=\"jet-form-builder__label\">\r\n<div class=\"jet-form-builder__label-text\">Vezet\u00e9kn\u00e9v <span class=\"jet-form-builder__required\">*<\/span><\/div><\/div><div class=\"jet-form-builder__field-wrap\">\n\t\t\t\t<input placeholder=\"Vezet\u00e9kn\u00e9v*\" required=\"required\" name=\"lastname\" id=\"lastname\" type=\"text\" data-field-name=\"lastname\" class=\"jet-form-builder__field text-field\" data-jfb-sync=\"null\" autocomplete=\"off_fJ1qpN5a\">\n\t\t\t\t\t<\/div>\n<\/div>\n\n<div  class=\"jet-form-builder-row field-type-text-field\" >\n<div class=\"jet-form-builder__label\">\r\n<div class=\"jet-form-builder__label-text\">Keresztn\u00e9v <span class=\"jet-form-builder__required\">*<\/span><\/div><\/div><div class=\"jet-form-builder__field-wrap\">\n\t\t\t\t<input placeholder=\"Keresztn\u00e9v*\" required=\"required\" name=\"firstname\" id=\"firstname\" type=\"text\" data-field-name=\"firstname\" class=\"jet-form-builder__field text-field\" data-jfb-sync=\"null\" autocomplete=\"off_LXF6DKyY\">\n\t\t\t\t\t<\/div>\n<\/div>\n\n<div  class=\"jet-form-builder-row field-type-text-field\" >\n<div class=\"jet-form-builder__label\">\r\n<div class=\"jet-form-builder__label-text\">Email <span class=\"jet-form-builder__required\">*<\/span><\/div><\/div><div class=\"jet-form-builder__field-wrap\">\n\t\t\t\t<input placeholder=\"Email*\" required=\"required\" name=\"email\" id=\"email\" type=\"email\" data-field-name=\"email\" class=\"jet-form-builder__field text-field\" data-jfb-sync=\"null\" autocomplete=\"off_6UPqEFO3\">\n\t\t\t\t\t<\/div>\n<\/div>\n\n<div  class=\"jet-form-builder-row field-type-checkbox-field\" >\n<div class=\"jet-form-builder__fields-group checkradio-wrap\" data-jfb-sync><div class=\"jet-form-builder__field-wrap checkboxes-wrap checkradio-wrap\"><label class=\"jet-form-builder__field-label for-checkbox\">\n\t\t\t<input type=\"checkbox\" name=\"hozzajarulas\" value=\"true\" data-field-name=\"hozzajarulas\"  class=\"jet-form-builder__field checkboxes-field checkradio-field fld_prvc\" required=\"required\"><span><small>* Az <strong><a href=\"https:\/\/www.fiat.hu\/eszkozok\/adatkezeles\" target=\"_blank\">adatkezel\u00e9si t\u00e1j\u00e9koztat\u00f3t<\/a><\/strong> elolvastam, \u00e9s ez alapj\u00e1n hozz\u00e1j\u00e1rulok, hogy az F Automobil Import Kft., a Fiat g\u00e9pj\u00e1rm\u0171vek magyarorsz\u00e1gi import\u0151re a kapcsolatfelv\u00e9teli k\u00e9r\u00e9sem megv\u00e1laszol\u00e1s\u00e1nak c\u00e9lj\u00e1b\u00f3l a szem\u00e9lyes adataimat kezelje, \u00e9s tov\u00e1bb\u00edtsa az \u00e1ltala import\u00e1lt g\u00e9pj\u00e1rm\u0171vek m\u00e1rkakereskedelmi \u00e9s -szerviz h\u00e1l\u00f3zata egyes tagjainak, hogy azok \u00f6n\u00e1ll\u00f3 adatkezel\u0151k\u00e9nt ebb\u0151l a c\u00e9lb\u00f3l a szem\u00e9lyes adataimat kezelj\u00e9k.<\/small><\/span><\/label><\/div><\/div>\n<\/div>\n\n<div  class=\"jet-form-builder-row field-type-submit-field\" >\n\t<div data-type=\"submit\" class=\"jet-form-builder__action-button-wrapper jet-form-builder__submit-wrap\">\n\t<button class=\"jet-form-builder__action-button jet-form-builder__submit submit-type-reload\" type=\"submit\">K\u00fcld\u00e9s<\/button>\n\t<\/div>\n\t\n<\/div>\n\n\n<p>Szeretn\u00e9k inform\u00e1ci\u00f3kat kapni a term\u00e9keikr\u0151l \u00e9s szolg\u00e1ltat\u00e1saikr\u00f3l az al\u00e1bbi el\u00e9rhet\u0151s\u00e9geimen (opcion\u00e1lis direkt marketing hozz\u00e1j\u00e1rul\u00e1s):<\/p>\n\n\n<div  class=\"jet-form-builder-row field-type-checkbox-field\" >\n<div class=\"jet-form-builder__fields-group checkradio-wrap\" data-jfb-sync><div class=\"jet-form-builder__field-wrap checkboxes-wrap checkradio-wrap\"><label class=\"jet-form-builder__field-label for-checkbox\">\n\t\t\t<input type=\"checkbox\" name=\"consentEmail\" value=\"true\" data-field-name=\"consentEmail\"  class=\"jet-form-builder__field checkboxes-field checkradio-field\"><span>E-mail<\/span><\/label><\/div><\/div>\n<\/div>\n\n<div  class=\"jet-form-builder-row field-type-checkbox-field\" >\n<div class=\"jet-form-builder__fields-group checkradio-wrap\" data-jfb-sync><div class=\"jet-form-builder__field-wrap checkboxes-wrap checkradio-wrap\"><label class=\"jet-form-builder__field-label for-checkbox\">\n\t\t\t<input type=\"checkbox\" name=\"consentPhone\" value=\"true\" data-field-name=\"consentPhone\"  class=\"jet-form-builder__field checkboxes-field checkradio-field\"><span>Telefon<\/span><\/label><\/div><\/div>\n<\/div>\n\n<div  class=\"jet-form-builder-row field-type-checkbox-field\" >\n<div class=\"jet-form-builder__fields-group checkradio-wrap\" data-jfb-sync><div class=\"jet-form-builder__field-wrap checkboxes-wrap checkradio-wrap\"><label class=\"jet-form-builder__field-label for-checkbox\">\n\t\t\t<input type=\"checkbox\" name=\"consentSMS\" value=\"true\" data-field-name=\"consentSMS\"  class=\"jet-form-builder__field checkboxes-field checkradio-field\"><span>Elektronikus \u00fczenetk\u00fcld\u0151 szolg\u00e1ltat\u00e1sok (pl. Viber, WhatsApp)<\/span><\/label><\/div><\/div>\n<\/div>\n\n\n<p class=\"smll-txt\"><em>Ezen csatorn\u00e1k b\u00e1rmelyik\u00e9nek kiv\u00e1laszt\u00e1s\u00e1val hozz\u00e1j\u00e1rulok, hogy a F Automobil Import Kft. a szem\u00e9lyes adataimat direkt marketingtev\u00e9kenys\u00e9g c\u00e9lj\u00e1b\u00f3l kezelje az <a href=\"https:\/\/www.fiat.hu\/eszkozok\/adatkezeles\" target=\"_blank\">adatkezel\u00e9si t\u00e1j\u00e9koztat\u00f3ban<\/a> le\u00edrtak szerint , vagyis az\u00e9rt, hogy az \u00e1ltala import\u00e1lt g\u00e9pj\u00e1rm\u0171vekr\u0151l, valamint az azokkal kapcsolatos term\u00e9kekr\u0151l \u00e9s szolg\u00e1ltat\u00e1sokr\u00f3l hirdet\u00e9seket, marketing t\u00e1j\u00e9koztat\u00f3 leveleket, illetve kereskedelmi aj\u00e1nlatokat k\u00fcldj\u00f6n nekem.<\/em><br><br><em>Jogosult vagyok b\u00e1rmikor visszavonni b\u00e1rmely fenti hozz\u00e1j\u00e1rul\u00e1somat. A hozz\u00e1j\u00e1rul\u00e1s visszavon\u00e1sa nem \u00e9rinti a visszavon\u00e1s el\u0151tti hozz\u00e1j\u00e1rul\u00e1son alapul\u00f3 adatkezel\u00e9s jogszer\u0171s\u00e9g\u00e9t. A F Automobil Import Kft. mint \u00f6n\u00e1ll\u00f3 adatkezel\u0151 r\u00e9sz\u00e9re adott hozz\u00e1j\u00e1rul\u00e1s visszavonhat\u00f3 p\u00e9ld\u00e1ul a <a href=\"mailto:kapcsolat@f-automobil-import.hu\">kapcsolat@f-automobil-import.hu<\/a> e-mail c\u00edmre k\u00fcld\u00f6tt e-maillel. <\/em><em>Ezen csatorn\u00e1k b\u00e1rmelyik\u00e9nek kiv\u00e1laszt\u00e1s\u00e1val hozz\u00e1j\u00e1rulok, hogy a F Automobil Import Kft. a szem\u00e9lyes adataimat direkt marketingtev\u00e9kenys\u00e9g c\u00e9lj\u00e1b\u00f3l kezelje az adatkezel\u00e9si t\u00e1j\u00e9koztat\u00f3ban le\u00edrtak szerint , vagyis az\u00e9rt, hogy az \u00e1ltala import\u00e1lt g\u00e9pj\u00e1rm\u0171vekr\u0151l, valamint az azokkal kapcsolatos term\u00e9kekr\u0151l \u00e9s szolg\u00e1ltat\u00e1sokr\u00f3l hirdet\u00e9seket, marketing t\u00e1j\u00e9koztat\u00f3 leveleket, illetve kereskedelmi aj\u00e1nlatokat k\u00fcldj\u00f6n nekem.<\/em><br><br><em><strong>Jogosult vagyok b\u00e1rmikor visszavonni b\u00e1rmely fenti hozz\u00e1j\u00e1rul\u00e1somat.<\/strong> A hozz\u00e1j\u00e1rul\u00e1s visszavon\u00e1sa nem \u00e9rinti a visszavon\u00e1s el\u0151tti hozz\u00e1j\u00e1rul\u00e1son alapul\u00f3 adatkezel\u00e9s jogszer\u0171s\u00e9g\u00e9t. Az F Automobil Import Kft. mint \u00f6n\u00e1ll\u00f3 adatkezel\u0151 r\u00e9sz\u00e9re adott hozz\u00e1j\u00e1rul\u00e1s visszavonhat\u00f3 p\u00e9ld\u00e1ul a kapcsolat@f-automobil-import.hu e-mailc\u00edmre k\u00fcld\u00f6tt e-maillel vagy <a href=\"https:\/\/armadillo.us14.list-manage.com\/unsubscribe?u=4990b5953d683ad069cd2bb1f&amp;id=ad7b946d2e&amp;\" target=\"_blank\"><strong>ide<\/strong><\/a> kattintva.<\/em><\/p>\n\n\n\n<p style=\"font-size:10px\"><em>A *-gal jel\u00f6lt mez\u0151k kit\u00f6lt\u00e9se k\u00f6telez\u0151.<\/em><\/p>\n\n\n\n<p style=\"font-size:10px\"><\/p>\n\n\n\n<p style=\"font-size:10px\"><\/p>\n\n\n\n<p class=\"smll-txt\"><\/p>\n<\/div>\n\n\n\n<input type=\"hidden\" class=\"jet-form-builder__field hidden-field\" name=\"gitId\" data-field-name=\"gitId\" data-jfb-sync=\"null\" value=\"383085903462224\">\n\n\n\n\n<input type=\"hidden\" class=\"jet-form-builder__field hidden-field\" name=\"creationDate\" data-field-name=\"creationDate\" data-jfb-sync=\"null\" value=\"2026-04-17T02:12:51+00:00\">\n\n\n\n\n<input type=\"hidden\" class=\"jet-form-builder__field hidden-field\" name=\"dealercode\" data-field-name=\"dealercode\" data-jfb-sync=\"null\">\n\n\n\n\n<input type=\"hidden\" class=\"jet-form-builder__field hidden-field\" name=\"requestorigin\" data-field-name=\"requestorigin\" data-jfb-sync=\"null\" value=\"https:\/\/form.fiat.hu\/webform\/hirlevel\/\">\n\n\n\n\n<input type=\"hidden\" class=\"jet-form-builder__field hidden-field\" name=\"requestType\" data-field-name=\"requestType\" data-jfb-sync=\"null\" value=\"5\">\n\n\n\n\n<input type=\"hidden\" class=\"jet-form-builder__field hidden-field\" name=\"brand\" data-field-name=\"brand\" data-jfb-sync=\"null\" value=\"Fiat\">\n\n\n\n\n<p><\/p>\n\t<div class=\"jet-form-builder-messages-wrap\" data-form-id=\"515\"><\/div>\n<\/form>\n\t\t\t\t<\/div>\n\t\t\t\t<\/div>\n\t\t\t\t\t<\/div>\n\t\t\t\t<\/div>\n\t\t\t\t<\/div>\n\t\t","protected":false},"excerpt":{"rendered":"<p>H\u00edrlev\u00e9l Iratkozz fel h\u00edrlevel\u00fcnkre, hogy naprak\u00e9sz h\u00edreket \u00e9s aj\u00e1nlatokat kapj! Vezet\u00e9kn\u00e9v * Keresztn\u00e9v * Email * * Az adatkezel\u00e9si t\u00e1j\u00e9koztat\u00f3t elolvastam, \u00e9s ez alapj\u00e1n hozz\u00e1j\u00e1rulok, hogy az F Automobil Import Kft., a Fiat g\u00e9pj\u00e1rm\u0171vek magyarorsz\u00e1gi import\u0151re az aj\u00e1nlatk\u00e9r\u00e9s teljes\u00edt\u00e9se c\u00e9lj\u00e1b\u00f3l a szem\u00e9lyes adataimat kezelje, \u00e9s tov\u00e1bb\u00edtsa a m\u00e1rkakeresked\u0151, illetve m\u00e1rkaszerviz r\u00e9sz\u00e9re, hogy az \u00f6n\u00e1ll\u00f3 adatkezel\u0151k\u00e9nt [&hellip;]<\/p>\n","protected":false},"author":1,"featured_media":0,"parent":0,"menu_order":0,"comment_status":"closed","ping_status":"closed","template":"elementor_canvas","meta":{"footnotes":""},"class_list":["post-519","page","type-page","status-publish","hentry"],"_links":{"self":[{"href":"https:\/\/form.fiat.hu\/webform\/wp-json\/wp\/v2\/pages\/519","targetHints":{"allow":["GET"]}}],"collection":[{"href":"https:\/\/form.fiat.hu\/webform\/wp-json\/wp\/v2\/pages"}],"about":[{"href":"https:\/\/form.fiat.hu\/webform\/wp-json\/wp\/v2\/types\/page"}],"author":[{"embeddable":true,"href":"https:\/\/form.fiat.hu\/webform\/wp-json\/wp\/v2\/users\/1"}],"replies":[{"embeddable":true,"href":"https:\/\/form.fiat.hu\/webform\/wp-json\/wp\/v2\/comments?post=519"}],"version-history":[{"count":14,"href":"https:\/\/form.fiat.hu\/webform\/wp-json\/wp\/v2\/pages\/519\/revisions"}],"predecessor-version":[{"id":563,"href":"https:\/\/form.fiat.hu\/webform\/wp-json\/wp\/v2\/pages\/519\/revisions\/563"}],"wp:attachment":[{"href":"https:\/\/form.fiat.hu\/webform\/wp-json\/wp\/v2\/media?parent=519"}],"curies":[{"name":"wp","href":"https:\/\/api.w.org\/{rel}","templated":true}]}}